{"id":9446,"date":"2025-04-03T11:44:13","date_gmt":"2025-04-03T09:44:13","guid":{"rendered":"https:\/\/briskebyoptikk.no\/produkt\/maydela-black\/"},"modified":"2025-09-10T00:41:42","modified_gmt":"2025-09-09T22:41:42","slug":"maydela-black","status":"publish","type":"product","link":"https:\/\/briskebyoptikk.no\/en\/product\/maydela-black\/","title":{"rendered":"Maydela Black"},"content":{"rendered":"[vc_row type=&#8221;in_container&#8221; full_screen_row_position=&#8221;middle&#8221; column_margin=&#8221;default&#8221; column_direction=&#8221;default&#8221; column_direction_tablet=&#8221;default&#8221; column_direction_phone=&#8221;default&#8221; scene_position=&#8221;center&#8221; text_color=&#8221;dark&#8221; text_align=&#8221;left&#8221; row_border_radius=&#8221;none&#8221; row_border_radius_applies=&#8221;bg&#8221; overflow=&#8221;visible&#8221; overlay_strength=&#8221;0.3&#8243; gradient_direction=&#8221;left_to_right&#8221; shape_divider_position=&#8221;bottom&#8221; bg_image_animation=&#8221;none&#8221;][vc_column column_padding=&#8221;no-extra-padding&#8221; column_padding_tablet=&#8221;inherit&#8221; column_padding_phone=&#8221;inherit&#8221; column_padding_position=&#8221;all&#8221; column_element_direction_desktop=&#8221;default&#8221; column_element_spacing=&#8221;default&#8221; desktop_text_alignment=&#8221;default&#8221; tablet_text_alignment=&#8221;default&#8221; phone_text_alignment=&#8221;default&#8221; background_color_opacity=&#8221;1&#8243; background_hover_color_opacity=&#8221;1&#8243; column_backdrop_filter=&#8221;none&#8221; column_shadow=&#8221;none&#8221; column_border_radius=&#8221;none&#8221; column_link_target=&#8221;_self&#8221; column_position=&#8221;default&#8221; gradient_direction=&#8221;left_to_right&#8221; overlay_strength=&#8221;0.3&#8243; width=&#8221;1\/1&#8243; tablet_width_inherit=&#8221;default&#8221; animation_type=&#8221;default&#8221; bg_image_animation=&#8221;none&#8221; border_type=&#8221;simple&#8221; column_border_width=&#8221;none&#8221; column_border_style=&#8221;solid&#8221;][image_with_animation image_url=&#8221;2869&#8243; image_size=&#8221;full&#8221; animation_type=&#8221;entrance&#8221; animation=&#8221;Fade In&#8221; animation_easing=&#8221;default&#8221; animation_movement_type=&#8221;transform_y&#8221; hover_animation=&#8221;none&#8221; alignment=&#8221;center&#8221; border_radius=&#8221;none&#8221; box_shadow=&#8221;none&#8221; image_loading=&#8221;default&#8221; max_width=&#8221;100%&#8221; max_width_mobile=&#8221;default&#8221;][\/vc_column][\/vc_row][vc_row type=&#8221;in_container&#8221; full_screen_row_position=&#8221;middle&#8221; column_margin=&#8221;default&#8221; column_direction=&#8221;default&#8221; column_direction_tablet=&#8221;default&#8221; column_direction_phone=&#8221;default&#8221; scene_position=&#8221;center&#8221; text_color=&#8221;dark&#8221; text_align=&#8221;left&#8221; row_border_radius=&#8221;none&#8221; row_border_radius_applies=&#8221;bg&#8221; overflow=&#8221;visible&#8221; overlay_strength=&#8221;0.3&#8243; gradient_direction=&#8221;left_to_right&#8221; shape_divider_position=&#8221;bottom&#8221; bg_image_animation=&#8221;none&#8221;][vc_column column_padding=&#8221;no-extra-padding&#8221; column_padding_tablet=&#8221;inherit&#8221; column_padding_phone=&#8221;inherit&#8221; column_padding_position=&#8221;all&#8221; column_element_direction_desktop=&#8221;default&#8221; column_element_spacing=&#8221;default&#8221; desktop_text_alignment=&#8221;default&#8221; tablet_text_alignment=&#8221;default&#8221; phone_text_alignment=&#8221;default&#8221; background_color_opacity=&#8221;1&#8243; background_hover_color_opacity=&#8221;1&#8243; column_backdrop_filter=&#8221;none&#8221; column_shadow=&#8221;none&#8221; column_border_radius=&#8221;none&#8221; column_link_target=&#8221;_self&#8221; column_position=&#8221;default&#8221; gradient_direction=&#8221;left_to_right&#8221; overlay_strength=&#8221;0.3&#8243; width=&#8221;1\/1&#8243; tablet_width_inherit=&#8221;default&#8221; animation_type=&#8221;default&#8221; bg_image_animation=&#8221;none&#8221; border_type=&#8221;simple&#8221; column_border_width=&#8221;none&#8221; column_border_style=&#8221;solid&#8221;][vc_column_text css=&#8221;&#8221; text_direction=&#8221;default&#8221;]Moscot er en New York-basert familiebedrift som ble startet av Hyman Moscot i 1899. Eventyret begynte med en p\u00f8lsevogn som Hyman solgte ferdige briller ut fra. I 1915 begynte de \u00e5 designe egne briller under eget navn. N\u00e5, fem generasjoner senere, selges brillene deres over hele verden. De har en stor flaggskipsbutikk i Orchard Street i New York, men er fremdeles familieeid og uavhengige, og tro mot sin arv og historie.<\/p>\n<p>Moscot Originals har en tidl\u00f8s, unisex, litt retro vibe. Designet er rent, uanstrengt, og uten synlig logo. Brillene og solbrillene kler 17-\u00e5ringen like godt som 70-\u00e5ringen. Modeller som Lemtosh og Miltzen er eviggr\u00f8nne favoritter. De kan man f\u00e5 skreddersydde clip-ons til, for ekstra funksjonalitet og stil. Vi f\u00f8rer et stort utvalg farger og st\u00f8rrelser i b\u00e5de solbriller, innfatninger og clip-ons.<\/p>\n<p>De har ogs\u00e5 startet\u00a0<em>Moscot Mobileyes Foundation<\/em>. Denne foreningen gir synshjelp til dem som trenger det, men som ikke har r\u00e5d til det.[\/vc_column_text][\/vc_column][\/vc_row]\n","protected":false},"excerpt":{"rendered":"<h4>Moscot Originals<\/h4>\n<h5>Like a breath of fresh air, THE MAYDELA is delightfully softer take on the iconic LEMTOSH. With soft curves and delicate features, this beautiful frame made for The MOSCOT masses.<\/h5>\n<p>Handcrafted Using Italian Acetate<br \/>\nFeatures Diamond-Shaped Rivets on the Front and Temples<br \/>\nComfortable Key Hole Nose Bridge<br \/>\n7-Barrel Hinges<br \/>\nMOSCOT Temple Engravings<br \/>\nSignature Acetate Tips<br \/>\nCUSTOM MADE TINTS\u2122 in Amber, Tinted by Hand in NYC<br \/>\nUnisex<br \/>\nSize: 46 (Average) or 49 (Wide)<\/p>\n<h4>Please note that this item is only available in-store. To check availability, or for more information please <span style=\"color: #000080\"><a style=\"color: #000080\" href=\"mailto:post@briskebyoptikk.no?subject=MOSCOT%20MAYDELA%20BLACK\">contact us.<\/a><\/span><\/h4>\n<h4><\/h4>\n","protected":false},"featured_media":9447,"comment_status":"closed","ping_status":"closed","template":"","meta":[],"product_brand":[],"product_cat":[1676,1664],"product_tag":[1597,1678],"class_list":{"0":"post-9446","1":"product","2":"type-product","3":"status-publish","4":"has-post-thumbnail","6":"product_cat-moscot-maydela","7":"product_cat-moscot","8":"product_tag-black","9":"product_tag-maydela","11":"first","12":"instock","13":"taxable","14":"shipping-taxable","15":"purchasable","16":"product-type-simple"},"yoast_head":"<!-- This site is optimized with the Yoast SEO Premium plugin v27.4 (Yoast SEO v27.4) - https:\/\/yoast.com\/product\/yoast-seo-premium-wordpress\/ -->\n<title>Maydela Black - Briskeby Optikk<\/title>\n<meta name=\"description\" content=\"Like a breath of fresh air, THE MAYDELA is delightfully softer take on the iconic LEMTOSH. With soft curves and delicate features, this beautiful frame...\" \/>\n<meta name=\"robots\" content=\"index, follow, max-snippet:-1, max-image-preview:large, max-video-preview:-1\" \/>\n<link rel=\"canonical\" href=\"https:\/\/briskebyoptikk.no\/en\/product\/maydela-black\/\" \/>\n<meta property=\"og:locale\" content=\"en_US\" \/>\n<meta property=\"og:type\" content=\"article\" \/>\n<meta property=\"og:title\" content=\"Maydela Black\" \/>\n<meta property=\"og:description\" content=\"Moscot Originals Like a breath of fresh air, THE MAYDELA is delightfully softer take on the iconic LEMTOSH. With soft curves and delicate features, this beautiful frame made for The MOSCOT masses. Handcrafted Using Italian Acetate Features Diamond-Shaped Rivets on the Front and Temples Comfortable Key Hole Nose Bridge 7-Barrel Hinges MOSCOT Temple Engravings Signature Acetate Tips CUSTOM MADE TINTS\u2122 in Amber, Tinted by Hand in NYC Unisex Size: 46 (Average) or 49 (Wide) Please note that this item is only available in-store. To check availability, or for more information please contact us.\" \/>\n<meta property=\"og:url\" content=\"https:\/\/briskebyoptikk.no\/en\/product\/maydela-black\/\" \/>\n<meta property=\"og:site_name\" content=\"Briskeby Optikk\" \/>\n<meta property=\"article:modified_time\" content=\"2025-09-09T22:41:42+00:00\" \/>\n<meta property=\"og:image\" content=\"https:\/\/briskebyoptikk.no\/wp-content\/uploads\/2025\/04\/maydela_black_front.png\" \/>\n\t<meta property=\"og:image:width\" content=\"1650\" \/>\n\t<meta property=\"og:image:height\" content=\"860\" \/>\n\t<meta property=\"og:image:type\" content=\"image\/png\" \/>\n<meta name=\"twitter:card\" content=\"summary_large_image\" \/>\n<meta name=\"twitter:label1\" content=\"Est. reading time\" \/>\n\t<meta name=\"twitter:data1\" content=\"3 minutes\" \/>\n<script type=\"application\/ld+json\" class=\"yoast-schema-graph\">{\"@context\":\"https:\\\/\\\/schema.org\",\"@graph\":[{\"@type\":\"WebPage\",\"@id\":\"https:\\\/\\\/briskebyoptikk.no\\\/en\\\/product\\\/maydela-black\\\/\",\"url\":\"https:\\\/\\\/briskebyoptikk.no\\\/en\\\/product\\\/maydela-black\\\/\",\"name\":\"Maydela Black - Briskeby Optikk\",\"isPartOf\":{\"@id\":\"https:\\\/\\\/briskebyoptikk.no\\\/en\\\/#website\"},\"primaryImageOfPage\":{\"@id\":\"https:\\\/\\\/briskebyoptikk.no\\\/en\\\/product\\\/maydela-black\\\/#primaryimage\"},\"image\":{\"@id\":\"https:\\\/\\\/briskebyoptikk.no\\\/en\\\/product\\\/maydela-black\\\/#primaryimage\"},\"thumbnailUrl\":\"https:\\\/\\\/briskebyoptikk.no\\\/wp-content\\\/uploads\\\/2025\\\/04\\\/maydela_black_front.png\",\"datePublished\":\"2025-04-03T09:44:13+00:00\",\"dateModified\":\"2025-09-09T22:41:42+00:00\",\"description\":\"Like a breath of fresh air, THE MAYDELA is delightfully softer take on the iconic LEMTOSH. With soft curves and delicate features, this beautiful frame...\",\"breadcrumb\":{\"@id\":\"https:\\\/\\\/briskebyoptikk.no\\\/en\\\/product\\\/maydela-black\\\/#breadcrumb\"},\"inLanguage\":\"en-US\",\"potentialAction\":[{\"@type\":\"ReadAction\",\"target\":[\"https:\\\/\\\/briskebyoptikk.no\\\/en\\\/product\\\/maydela-black\\\/\"]}]},{\"@type\":\"ImageObject\",\"inLanguage\":\"en-US\",\"@id\":\"https:\\\/\\\/briskebyoptikk.no\\\/en\\\/product\\\/maydela-black\\\/#primaryimage\",\"url\":\"https:\\\/\\\/briskebyoptikk.no\\\/wp-content\\\/uploads\\\/2025\\\/04\\\/maydela_black_front.png\",\"contentUrl\":\"https:\\\/\\\/briskebyoptikk.no\\\/wp-content\\\/uploads\\\/2025\\\/04\\\/maydela_black_front.png\",\"width\":1650,\"height\":860},{\"@type\":\"BreadcrumbList\",\"@id\":\"https:\\\/\\\/briskebyoptikk.no\\\/en\\\/product\\\/maydela-black\\\/#breadcrumb\",\"itemListElement\":[{\"@type\":\"ListItem\",\"position\":1,\"name\":\"Hjem\",\"item\":\"https:\\\/\\\/briskebyoptikk.no\\\/en\\\/\"},{\"@type\":\"ListItem\",\"position\":2,\"name\":\"Shop\",\"item\":\"https:\\\/\\\/briskebyoptikk.no\\\/en\\\/shop\\\/\"},{\"@type\":\"ListItem\",\"position\":3,\"name\":\"Maydela Black\"}]},{\"@type\":\"WebSite\",\"@id\":\"https:\\\/\\\/briskebyoptikk.no\\\/en\\\/#website\",\"url\":\"https:\\\/\\\/briskebyoptikk.no\\\/en\\\/\",\"name\":\"Briskeby Optikk\",\"description\":\"\",\"publisher\":{\"@id\":\"https:\\\/\\\/briskebyoptikk.no\\\/en\\\/#organization\"},\"potentialAction\":[{\"@type\":\"SearchAction\",\"target\":{\"@type\":\"EntryPoint\",\"urlTemplate\":\"https:\\\/\\\/briskebyoptikk.no\\\/en\\\/?s={search_term_string}\"},\"query-input\":{\"@type\":\"PropertyValueSpecification\",\"valueRequired\":true,\"valueName\":\"search_term_string\"}}],\"inLanguage\":\"en-US\"},{\"@type\":\"Organization\",\"@id\":\"https:\\\/\\\/briskebyoptikk.no\\\/en\\\/#organization\",\"name\":\"Briskeby Optikk\",\"url\":\"https:\\\/\\\/briskebyoptikk.no\\\/en\\\/\",\"logo\":{\"@type\":\"ImageObject\",\"inLanguage\":\"en-US\",\"@id\":\"https:\\\/\\\/briskebyoptikk.no\\\/en\\\/#\\\/schema\\\/logo\\\/image\\\/\",\"url\":\"https:\\\/\\\/briskebyoptikk.no\\\/wp-content\\\/uploads\\\/2021\\\/04\\\/Briskeby-Optikk.jpg\",\"contentUrl\":\"https:\\\/\\\/briskebyoptikk.no\\\/wp-content\\\/uploads\\\/2021\\\/04\\\/Briskeby-Optikk.jpg\",\"width\":512,\"height\":512,\"caption\":\"Briskeby Optikk\"},\"image\":{\"@id\":\"https:\\\/\\\/briskebyoptikk.no\\\/en\\\/#\\\/schema\\\/logo\\\/image\\\/\"}}]}<\/script>\n<!-- \/ Yoast SEO Premium plugin. -->","yoast_head_json":{"title":"Maydela Black - Briskeby Optikk","description":"Like a breath of fresh air, THE MAYDELA is delightfully softer take on the iconic LEMTOSH. With soft curves and delicate features, this beautiful frame...","robots":{"index":"index","follow":"follow","max-snippet":"max-snippet:-1","max-image-preview":"max-image-preview:large","max-video-preview":"max-video-preview:-1"},"canonical":"https:\/\/briskebyoptikk.no\/en\/product\/maydela-black\/","og_locale":"en_US","og_type":"article","og_title":"Maydela Black","og_description":"Moscot Originals Like a breath of fresh air, THE MAYDELA is delightfully softer take on the iconic LEMTOSH. With soft curves and delicate features, this beautiful frame made for The MOSCOT masses. Handcrafted Using Italian Acetate Features Diamond-Shaped Rivets on the Front and Temples Comfortable Key Hole Nose Bridge 7-Barrel Hinges MOSCOT Temple Engravings Signature Acetate Tips CUSTOM MADE TINTS\u2122 in Amber, Tinted by Hand in NYC Unisex Size: 46 (Average) or 49 (Wide) Please note that this item is only available in-store. To check availability, or for more information please contact us.","og_url":"https:\/\/briskebyoptikk.no\/en\/product\/maydela-black\/","og_site_name":"Briskeby Optikk","article_modified_time":"2025-09-09T22:41:42+00:00","og_image":[{"width":1650,"height":860,"url":"https:\/\/briskebyoptikk.no\/wp-content\/uploads\/2025\/04\/maydela_black_front.png","type":"image\/png"}],"twitter_card":"summary_large_image","twitter_misc":{"Est. reading time":"3 minutes"},"schema":{"@context":"https:\/\/schema.org","@graph":[{"@type":"WebPage","@id":"https:\/\/briskebyoptikk.no\/en\/product\/maydela-black\/","url":"https:\/\/briskebyoptikk.no\/en\/product\/maydela-black\/","name":"Maydela Black - Briskeby Optikk","isPartOf":{"@id":"https:\/\/briskebyoptikk.no\/en\/#website"},"primaryImageOfPage":{"@id":"https:\/\/briskebyoptikk.no\/en\/product\/maydela-black\/#primaryimage"},"image":{"@id":"https:\/\/briskebyoptikk.no\/en\/product\/maydela-black\/#primaryimage"},"thumbnailUrl":"https:\/\/briskebyoptikk.no\/wp-content\/uploads\/2025\/04\/maydela_black_front.png","datePublished":"2025-04-03T09:44:13+00:00","dateModified":"2025-09-09T22:41:42+00:00","description":"Like a breath of fresh air, THE MAYDELA is delightfully softer take on the iconic LEMTOSH. With soft curves and delicate features, this beautiful frame...","breadcrumb":{"@id":"https:\/\/briskebyoptikk.no\/en\/product\/maydela-black\/#breadcrumb"},"inLanguage":"en-US","potentialAction":[{"@type":"ReadAction","target":["https:\/\/briskebyoptikk.no\/en\/product\/maydela-black\/"]}]},{"@type":"ImageObject","inLanguage":"en-US","@id":"https:\/\/briskebyoptikk.no\/en\/product\/maydela-black\/#primaryimage","url":"https:\/\/briskebyoptikk.no\/wp-content\/uploads\/2025\/04\/maydela_black_front.png","contentUrl":"https:\/\/briskebyoptikk.no\/wp-content\/uploads\/2025\/04\/maydela_black_front.png","width":1650,"height":860},{"@type":"BreadcrumbList","@id":"https:\/\/briskebyoptikk.no\/en\/product\/maydela-black\/#breadcrumb","itemListElement":[{"@type":"ListItem","position":1,"name":"Hjem","item":"https:\/\/briskebyoptikk.no\/en\/"},{"@type":"ListItem","position":2,"name":"Shop","item":"https:\/\/briskebyoptikk.no\/en\/shop\/"},{"@type":"ListItem","position":3,"name":"Maydela Black"}]},{"@type":"WebSite","@id":"https:\/\/briskebyoptikk.no\/en\/#website","url":"https:\/\/briskebyoptikk.no\/en\/","name":"Briskeby Optikk","description":"","publisher":{"@id":"https:\/\/briskebyoptikk.no\/en\/#organization"},"potentialAction":[{"@type":"SearchAction","target":{"@type":"EntryPoint","urlTemplate":"https:\/\/briskebyoptikk.no\/en\/?s={search_term_string}"},"query-input":{"@type":"PropertyValueSpecification","valueRequired":true,"valueName":"search_term_string"}}],"inLanguage":"en-US"},{"@type":"Organization","@id":"https:\/\/briskebyoptikk.no\/en\/#organization","name":"Briskeby Optikk","url":"https:\/\/briskebyoptikk.no\/en\/","logo":{"@type":"ImageObject","inLanguage":"en-US","@id":"https:\/\/briskebyoptikk.no\/en\/#\/schema\/logo\/image\/","url":"https:\/\/briskebyoptikk.no\/wp-content\/uploads\/2021\/04\/Briskeby-Optikk.jpg","contentUrl":"https:\/\/briskebyoptikk.no\/wp-content\/uploads\/2021\/04\/Briskeby-Optikk.jpg","width":512,"height":512,"caption":"Briskeby Optikk"},"image":{"@id":"https:\/\/briskebyoptikk.no\/en\/#\/schema\/logo\/image\/"}}]}},"_links":{"self":[{"href":"https:\/\/briskebyoptikk.no\/en\/wp-json\/wp\/v2\/product\/9446","targetHints":{"allow":["GET"]}}],"collection":[{"href":"https:\/\/briskebyoptikk.no\/en\/wp-json\/wp\/v2\/product"}],"about":[{"href":"https:\/\/briskebyoptikk.no\/en\/wp-json\/wp\/v2\/types\/product"}],"replies":[{"embeddable":true,"href":"https:\/\/briskebyoptikk.no\/en\/wp-json\/wp\/v2\/comments?post=9446"}],"wp:featuredmedia":[{"embeddable":true,"href":"https:\/\/briskebyoptikk.no\/en\/wp-json\/wp\/v2\/media\/9447"}],"wp:attachment":[{"href":"https:\/\/briskebyoptikk.no\/en\/wp-json\/wp\/v2\/media?parent=9446"}],"wp:term":[{"taxonomy":"product_brand","embeddable":true,"href":"https:\/\/briskebyoptikk.no\/en\/wp-json\/wp\/v2\/product_brand?post=9446"},{"taxonomy":"product_cat","embeddable":true,"href":"https:\/\/briskebyoptikk.no\/en\/wp-json\/wp\/v2\/product_cat?post=9446"},{"taxonomy":"product_tag","embeddable":true,"href":"https:\/\/briskebyoptikk.no\/en\/wp-json\/wp\/v2\/product_tag?post=9446"}],"curies":[{"name":"wp","href":"https:\/\/api.w.org\/{rel}","templated":true}]}}